{"id":7,"date":"2025-07-10T20:15:02","date_gmt":"2025-07-10T20:15:02","guid":{"rendered":"http:\/\/missionsoins.fr\/?page_id=7"},"modified":"2025-07-10T21:24:03","modified_gmt":"2025-07-10T21:24:03","slug":"accueil","status":"publish","type":"page","link":"https:\/\/missionsoins.fr\/index.php\/accueil\/","title":{"rendered":"accueil"},"content":{"rendered":"<p>[et_pb_section fb_built=&#8221;1&#8243; _builder_version=&#8221;4.27.4&#8243; _module_preset=&#8221;default&#8221; background_color=&#8221;#f4f6fa&#8221; background_enable_image=&#8221;off&#8221; global_colors_info=&#8221;{}&#8221;][et_pb_row column_structure=&#8221;1_2,1_2&#8243; _builder_version=&#8221;4.27.4&#8243; _module_preset=&#8221;default&#8221; custom_margin=&#8221;-30px||||false|false&#8221; global_colors_info=&#8221;{}&#8221;][et_pb_column type=&#8221;1_2&#8243; _builder_version=&#8221;4.27.4&#8243; _module_preset=&#8221;default&#8221; global_colors_info=&#8221;{}&#8221;][et_pb_text _builder_version=&#8221;4.27.4&#8243; _module_preset=&#8221;default&#8221; text_font=&#8221;Montserrat|700|||||||&#8221; text_text_color=&#8221;#1b2a41&#8243; text_font_size=&#8221;40px&#8221; text_line_height=&#8221;1.4em&#8221; hover_enabled=&#8221;0&#8243; global_colors_info=&#8221;{}&#8221; sticky_enabled=&#8221;0&#8243;]<\/p>\n<p><span>Et si on soignait aussi<br \/>le syst\u00e8me ?<\/span><\/p>\n<p>[\/et_pb_text][et_pb_text content_tablet=&#8221;&#8221; content_phone=&#8221;&#8221; content_last_edited=&#8221;on|desktop&#8221; _builder_version=&#8221;4.27.4&#8243; _module_preset=&#8221;default&#8221; header_2_font=&#8221;Hind Madurai||||||||&#8221; header_2_text_color=&#8221;#2a837a&#8221; header_2_font_size=&#8221;18px&#8221; header_2_line_height=&#8221;1.5em&#8221; header_3_font=&#8221;Hind Madurai|300|||||||&#8221; header_3_text_color=&#8221;#1b2a41&#8243; header_3_font_size=&#8221;18px&#8221; header_3_line_height=&#8221;1.4em&#8221; global_colors_info=&#8221;{}&#8221;]<\/p>\n<h2><span>Fini les agences opaques et co\u00fbteuses.<br \/>Une plateforme humaine, directe et transparente.<br \/>Plus simple, plus rapide, plus juste pour tous.<\/span><\/h2>\n<h3><span><em><strong><\/strong><\/em><\/span><\/h3>\n<h3><span><em><strong><\/strong><\/em><\/span><\/h3>\n<h3><span><em><strong><\/strong><\/em><\/span><\/h3>\n<h3><span><em><strong>Mission Soins<\/strong><\/em>\u00a0 connecte les soignants en qu\u00eate <br \/>de reconnaissance, de libert\u00e9 et de meilleure r\u00e9mun\u00e9ration <br \/>avec les \u00e9tablissements qui ont besoin de r\u00e9activit\u00e9 <br \/>pour garantir la continuit\u00e9 des soins.<\/span><\/h3>\n<p>&nbsp;<\/p>\n<p>[\/et_pb_text][et_pb_button button_text=&#8221;Solutions de remplacements &#8221; _builder_version=&#8221;4.27.4&#8243; _module_preset=&#8221;default&#8221; custom_button=&#8221;on&#8221; button_text_size=&#8221;16px&#8221; button_text_color=&#8221;#FFFFFF&#8221; button_bg_color=&#8221;#1b2a41&#8243; button_border_width=&#8221;0px&#8221; button_border_radius=&#8221;12px&#8221; button_font=&#8221;Hind Madurai|600|||||||&#8221; button_use_icon=&#8221;off&#8221; custom_padding=&#8221;10px|30px|10px|30px|true|true&#8221; box_shadow_style=&#8221;preset1&#8243; global_colors_info=&#8221;{}&#8221; button_bg_color__hover_enabled=&#8221;on|hover&#8221; button_bg_color__hover=&#8221;#2a837a&#8221; button_bg_enable_color__hover=&#8221;on&#8221;][\/et_pb_button][et_pb_button button_text=&#8221;Trouver des missions &#8221; _builder_version=&#8221;4.27.4&#8243; _module_preset=&#8221;default&#8221; custom_button=&#8221;on&#8221; button_text_size=&#8221;16px&#8221; button_text_color=&#8221;#FFFFFF&#8221; button_bg_color=&#8221;#1b2a41&#8243; button_border_width=&#8221;0px&#8221; button_border_radius=&#8221;12px&#8221; button_font=&#8221;Hind Madurai|600|||||||&#8221; button_use_icon=&#8221;off&#8221; custom_padding=&#8221;10px|30px|10px|30px|true|true&#8221; box_shadow_style=&#8221;preset1&#8243; global_colors_info=&#8221;{}&#8221; button_bg_color__hover_enabled=&#8221;on|hover&#8221; button_bg_color__hover=&#8221;#2a837a&#8221; button_bg_enable_color__hover=&#8221;on&#8221;][\/et_pb_button][\/et_pb_column][et_pb_column type=&#8221;1_2&#8243; _builder_version=&#8221;4.27.4&#8243; _module_preset=&#8221;default&#8221; global_colors_info=&#8221;{}&#8221;][et_pb_image src=&#8221;http:\/\/missionsoins.fr\/wp-content\/uploads\/2025\/07\/Design-sans-titre-7.png&#8221; _builder_version=&#8221;4.27.4&#8243; _module_preset=&#8221;default&#8221; transform_scale=&#8221;108%|108%&#8221; border_radii=&#8221;off|100px||100px|&#8221; box_shadow_style=&#8221;preset3&#8243; global_colors_info=&#8221;{}&#8221;][\/et_pb_image][\/et_pb_column][\/et_pb_row][\/et_pb_section][et_pb_section fb_built=&#8221;1&#8243; _builder_version=&#8221;4.27.4&#8243; _module_preset=&#8221;default&#8221; background_enable_color=&#8221;off&#8221; background_enable_image=&#8221;off&#8221; global_colors_info=&#8221;{}&#8221;][et_pb_row _builder_version=&#8221;4.27.4&#8243; _module_preset=&#8221;default&#8221; custom_margin=&#8221;||50px||false|false&#8221; global_colors_info=&#8221;{}&#8221;][et_pb_column type=&#8221;4_4&#8243; _builder_version=&#8221;4.27.4&#8243; _module_preset=&#8221;default&#8221; global_colors_info=&#8221;{}&#8221;][et_pb_text _builder_version=&#8221;4.27.4&#8243; _module_preset=&#8221;default&#8221; text_font=&#8221;Hind Madurai|700||on|||||&#8221; text_text_color=&#8221;#1b2a41&#8243; text_font_size=&#8221;20px&#8221; text_orientation=&#8221;center&#8221; hover_enabled=&#8221;0&#8243; global_colors_info=&#8221;{}&#8221; sticky_enabled=&#8221;0&#8243;]<\/p>\n<p><span>D\u00e9j\u00e0 utilis\u00e9e en \u00cele-de-France, Rh\u00f4ne-Alpes et Occitanie.<\/span><\/p>\n<p>[\/et_pb_text][\/et_pb_column][\/et_pb_row][et_pb_row column_structure=&#8221;1_4,1_4,1_2&#8243; _builder_version=&#8221;4.27.4&#8243; _module_preset=&#8221;default&#8221; min_height=&#8221;539.1px&#8221; global_colors_info=&#8221;{}&#8221;][et_pb_column type=&#8221;1_4&#8243; _builder_version=&#8221;4.27.4&#8243; _module_preset=&#8221;default&#8221; global_colors_info=&#8221;{}&#8221;][et_pb_image src=&#8221;http:\/\/missionsoins.fr\/wp-content\/uploads\/2025\/07\/Photo-de-profil-et-Pub-pour-Centurion-.png&#8221; _builder_version=&#8221;4.27.4&#8243; _module_preset=&#8221;default&#8221; transform_scale=&#8221;115%|115%&#8221; transform_translate_linked__hover=&#8221;off&#8221; border_radii=&#8221;on|10px|10px|10px|10px&#8221; global_colors_info=&#8221;{}&#8221; transform_styles__hover_enabled=&#8221;on|hover&#8221; transform_scale__hover_enabled=&#8221;on|hover&#8221; transform_translate__hover_enabled=&#8221;on|hover&#8221; transform_rotate__hover_enabled=&#8221;on|desktop&#8221; transform_skew__hover_enabled=&#8221;on|desktop&#8221; transform_origin__hover_enabled=&#8221;on|desktop&#8221; transform_scale__hover=&#8221;120%|120%&#8221; transform_translate__hover=&#8221;15px|10px&#8221;][\/et_pb_image][\/et_pb_column][et_pb_column type=&#8221;1_4&#8243; _builder_version=&#8221;4.27.4&#8243; _module_preset=&#8221;default&#8221; global_colors_info=&#8221;{}&#8221;][et_pb_image src=&#8221;http:\/\/missionsoins.fr\/wp-content\/uploads\/2025\/07\/8.png&#8221; _builder_version=&#8221;4.27.4&#8243; _module_preset=&#8221;default&#8221; transform_scale=&#8221;115%|115%&#8221; transform_translate=&#8221;-70px|100px&#8221; transform_translate_linked=&#8221;off&#8221; border_radii=&#8221;on|10px|10px|10px|10px&#8221; box_shadow_style=&#8221;preset3&#8243; box_shadow_vertical=&#8221;40px&#8221; global_colors_info=&#8221;{}&#8221; transform_styles__hover_enabled=&#8221;on|hover&#8221; transform_scale__hover_enabled=&#8221;on|hover&#8221; transform_translate__hover_enabled=&#8221;on|desktop&#8221; transform_rotate__hover_enabled=&#8221;on|desktop&#8221; transform_skew__hover_enabled=&#8221;on|desktop&#8221; transform_origin__hover_enabled=&#8221;on|desktop&#8221; transform_scale__hover=&#8221;120%|120%&#8221; transform_translate__hover=&#8221;-80px|90px&#8221;][\/et_pb_image][\/et_pb_column][et_pb_column type=&#8221;1_2&#8243; _builder_version=&#8221;4.27.4&#8243; _module_preset=&#8221;default&#8221; global_colors_info=&#8221;{}&#8221;][et_pb_text _builder_version=&#8221;4.27.4&#8243; _module_preset=&#8221;default&#8221; text_font=&#8221;Montserrat|700|||||||&#8221; text_text_color=&#8221;#1b2a41&#8243; text_font_size=&#8221;23px&#8221; text_line_height=&#8221;1.4em&#8221; global_colors_info=&#8221;{}&#8221;]<\/p>\n<div style=\"font-family: 'Kaushan Script', cursive; font-size: 32px; line-height: 1.4; color: #2d2d2d; max-width: 700px; font-style: italic;\"><span style=\"color: #d3394c; font-weight: bold;\">Rejoignez<\/span><\/div>\n<p><span>la plateforme qui donne du pouvoir aux soignants et de la s\u00e9r\u00e9nit\u00e9 aux \u00e9tablissements.<\/span><\/p>\n<p>[\/et_pb_text][et_pb_text content_last_edited=&#8221;off|desktop&#8221; _builder_version=&#8221;4.27.4&#8243; _module_preset=&#8221;default&#8221; header_2_font=&#8221;Hind Madurai||||||||&#8221; header_2_text_color=&#8221;#2a837a&#8221; header_2_font_size=&#8221;18px&#8221; header_2_line_height=&#8221;1.5em&#8221; header_3_font=&#8221;Hind Madurai|300|||||||&#8221; header_3_text_color=&#8221;#1b2a41&#8243; header_3_font_size=&#8221;18px&#8221; header_3_line_height=&#8221;1.4em&#8221; global_colors_info=&#8221;{}&#8221;]<\/p>\n<h3><span>Mission Soins simplifie les remplacements m\u00e9dicaux en supprimant les interm\u00e9diaires, les lenteurs, et les frais opaques.<\/span><br data-start=\"785\" data-end=\"788\" \/><span>Notre plateforme met en relation directe les soignants qui veulent reprendre le contr\u00f4le de leur emploi du temps \u2014 et les \u00e9tablissements qui cherchent des renforts fiables, humains, et disponibles imm\u00e9diatement.<\/span><br data-start=\"1001\" data-end=\"1004\" \/><span>Une solution simple, rapide, g\u00e9olocalis\u00e9e\u2026 et pens\u00e9e pour celles et ceux qui font tourner le syst\u00e8me.<\/span><\/h3>\n<p>[\/et_pb_text][et_pb_button button_text=&#8221;Solutions de remplacements &#8221; _builder_version=&#8221;4.27.4&#8243; _module_preset=&#8221;default&#8221; custom_button=&#8221;on&#8221; button_text_size=&#8221;16px&#8221; button_text_color=&#8221;#FFFFFF&#8221; button_bg_color=&#8221;#1b2a41&#8243; button_border_width=&#8221;0px&#8221; button_border_radius=&#8221;12px&#8221; button_font=&#8221;Hind Madurai|600|||||||&#8221; button_use_icon=&#8221;off&#8221; custom_padding=&#8221;10px|30px|10px|30px|true|true&#8221; box_shadow_style=&#8221;preset1&#8243; global_colors_info=&#8221;{}&#8221; button_bg_color__hover_enabled=&#8221;on|hover&#8221; button_bg_color__hover=&#8221;#2a837a&#8221; button_bg_enable_color__hover=&#8221;on&#8221;][\/et_pb_button][et_pb_button button_text=&#8221;Trouver des missions &#8221; _builder_version=&#8221;4.27.4&#8243; _module_preset=&#8221;default&#8221; custom_button=&#8221;on&#8221; button_text_size=&#8221;16px&#8221; button_text_color=&#8221;#FFFFFF&#8221; button_bg_color=&#8221;#1b2a41&#8243; button_border_width=&#8221;0px&#8221; button_border_radius=&#8221;12px&#8221; button_font=&#8221;Hind Madurai|600|||||||&#8221; button_use_icon=&#8221;off&#8221; custom_padding=&#8221;10px|30px|10px|30px|true|true&#8221; box_shadow_style=&#8221;preset1&#8243; global_colors_info=&#8221;{}&#8221; button_bg_color__hover_enabled=&#8221;on|hover&#8221; button_bg_color__hover=&#8221;#2a837a&#8221; button_bg_enable_color__hover=&#8221;on&#8221;][\/et_pb_button][\/et_pb_column][\/et_pb_row][et_pb_row _builder_version=&#8221;4.27.4&#8243; _module_preset=&#8221;default&#8221; global_colors_info=&#8221;{}&#8221;][et_pb_column type=&#8221;4_4&#8243; _builder_version=&#8221;4.27.4&#8243; _module_preset=&#8221;default&#8221; global_colors_info=&#8221;{}&#8221;][\/et_pb_column][\/et_pb_row][\/et_pb_section][et_pb_section fb_built=&#8221;1&#8243; theme_builder_area=&#8221;post_content&#8221; _builder_version=&#8221;4.27.4&#8243; _module_preset=&#8221;default&#8221; hover_enabled=&#8221;0&#8243; sticky_enabled=&#8221;0&#8243; background_color=&#8221;#1b2a41&#8243; border_radii=&#8221;off|25px|25px||&#8221;][et_pb_row _builder_version=&#8221;4.27.4&#8243; _module_preset=&#8221;default&#8221; theme_builder_area=&#8221;post_content&#8221;][et_pb_column _builder_version=&#8221;4.27.4&#8243; _module_preset=&#8221;default&#8221; type=&#8221;4_4&#8243; theme_builder_area=&#8221;post_content&#8221;][et_pb_text _builder_version=&#8221;4.27.4&#8243; _module_preset=&#8221;default&#8221; theme_builder_area=&#8221;post_content&#8221; hover_enabled=&#8221;0&#8243; sticky_enabled=&#8221;0&#8243; text_orientation=&#8221;center&#8221; text_font=&#8221;Montserrat||||||||&#8221; text_font_size=&#8221;18px&#8221; text_text_color=&#8221;#FFFFFF&#8221;]<\/p>\n<p>Mentions l\u00e9gales | CGU | Confidentialit\u00e9<\/p>\n<p>[\/et_pb_text][et_pb_divider _builder_version=&#8221;4.27.4&#8243; _module_preset=&#8221;default&#8221; theme_builder_area=&#8221;post_content&#8221; hover_enabled=&#8221;0&#8243; sticky_enabled=&#8221;0&#8243; color=&#8221;#30415e&#8221;][\/et_pb_divider][et_pb_text _builder_version=&#8221;4.27.4&#8243; _module_preset=&#8221;default&#8221; theme_builder_area=&#8221;post_content&#8221; hover_enabled=&#8221;0&#8243; sticky_enabled=&#8221;0&#8243; text_orientation=&#8221;center&#8221; text_font=&#8221;Montserrat||||||||&#8221; text_font_size=&#8221;16px&#8221; text_text_color=&#8221;#FFFFFF&#8221; custom_margin=&#8221;||40px||false|false&#8221;]<\/p>\n<p><em data-start=\"3142\" data-end=\"3219\">\u00a9 2025 \u2014 Plateforme de mise en relation directe dans le secteur de la sant\u00e9<\/em><\/p>\n<p>[\/et_pb_text][\/et_pb_column][\/et_pb_row][et_pb_row _builder_version=&#8221;4.27.4&#8243; _module_preset=&#8221;default&#8221; theme_builder_area=&#8221;post_content&#8221;][et_pb_column _builder_version=&#8221;4.27.4&#8243; _module_preset=&#8221;default&#8221; type=&#8221;4_4&#8243; theme_builder_area=&#8221;post_content&#8221;][et_pb_text _builder_version=&#8221;4.27.4&#8243; _module_preset=&#8221;default&#8221; theme_builder_area=&#8221;post_content&#8221; hover_enabled=&#8221;0&#8243; sticky_enabled=&#8221;0&#8243; text_orientation=&#8221;center&#8221; text_font=&#8221;Montserrat|900||on|||||&#8221; text_font_size=&#8221;120px&#8221; text_text_color=&#8221;#30415e&#8221;]<\/p>\n<p>mission soins<\/p>\n<p>[\/et_pb_text][\/et_pb_column][\/et_pb_row][\/et_pb_section]<\/p>\n","protected":false},"excerpt":{"rendered":"<p>Et si on soignait aussile syst\u00e8me ?Fini les agences opaques et co\u00fbteuses.Une plateforme humaine, directe et transparente.Plus simple, plus rapide, plus juste pour tous. Mission Soins\u00a0 connecte les soignants en qu\u00eate de reconnaissance, de libert\u00e9 et de meilleure r\u00e9mun\u00e9ration avec les \u00e9tablissements qui ont besoin de r\u00e9activit\u00e9 pour garantir la continuit\u00e9 des soins. &nbsp;D\u00e9j\u00e0 utilis\u00e9e [&hellip;]<\/p>\n","protected":false},"author":1,"featured_media":0,"parent":0,"menu_order":0,"comment_status":"closed","ping_status":"closed","template":"","meta":{"_et_pb_use_builder":"on","_et_pb_old_content":"","_et_gb_content_width":"","footnotes":""},"class_list":["post-7","page","type-page","status-publish","hentry"],"_links":{"self":[{"href":"https:\/\/missionsoins.fr\/index.php\/wp-json\/wp\/v2\/pages\/7","targetHints":{"allow":["GET"]}}],"collection":[{"href":"https:\/\/missionsoins.fr\/index.php\/wp-json\/wp\/v2\/pages"}],"about":[{"href":"https:\/\/missionsoins.fr\/index.php\/wp-json\/wp\/v2\/types\/page"}],"author":[{"embeddable":true,"href":"https:\/\/missionsoins.fr\/index.php\/wp-json\/wp\/v2\/users\/1"}],"replies":[{"embeddable":true,"href":"https:\/\/missionsoins.fr\/index.php\/wp-json\/wp\/v2\/comments?post=7"}],"version-history":[{"count":20,"href":"https:\/\/missionsoins.fr\/index.php\/wp-json\/wp\/v2\/pages\/7\/revisions"}],"predecessor-version":[{"id":89,"href":"https:\/\/missionsoins.fr\/index.php\/wp-json\/wp\/v2\/pages\/7\/revisions\/89"}],"wp:attachment":[{"href":"https:\/\/missionsoins.fr\/index.php\/wp-json\/wp\/v2\/media?parent=7"}],"curies":[{"name":"wp","href":"https:\/\/api.w.org\/{rel}","templated":true}]}}